{"id":5603,"date":"2022-04-06T23:30:45","date_gmt":"2022-04-06T20:30:45","guid":{"rendered":"https:\/\/denslux.ee\/tietosuojaseloste\/"},"modified":"2026-02-06T13:22:54","modified_gmt":"2026-02-06T11:22:54","slug":"tietosuojaseloste","status":"publish","type":"page","link":"https:\/\/denslux.ee\/fi\/tietosuojaseloste\/","title":{"rendered":"Tietosuojaseloste"},"content":{"rendered":"\t\t<div data-elementor-type=\"wp-page\" data-elementor-id=\"5603\" class=\"elementor elementor-5603 elementor-1922\" data-elementor-post-type=\"page\">\n\t\t\t\t\t\t<section data-particle_enable=\"false\" data-particle-mobile-disabled=\"false\" class=\"elementor-section elementor-top-section elementor-element elementor-element-3463612 elementor-section-boxed elementor-section-height-default elementor-section-height-default\" data-id=\"3463612\" data-element_type=\"section\" data-e-type=\"section\" data-settings=\"{&quot;jet_parallax_layout_list&quot;:[]}\">\n\t\t\t\t\t\t<div class=\"elementor-container elementor-column-gap-default\">\n\t\t\t\t\t<div class=\"elementor-column elementor-col-100 elementor-top-column elementor-element elementor-element-0c44256\" data-id=\"0c44256\" data-element_type=\"column\" data-e-type=\"column\">\n\t\t\t<div class=\"elementor-widget-wrap elementor-element-populated\">\n\t\t\t\t\t\t<div class=\"elementor-element elementor-element-92e04a7 elementor-widget elementor-widget-heading\" data-id=\"92e04a7\" data-element_type=\"widget\" data-e-type=\"widget\" data-widget_type=\"heading.default\">\n\t\t\t\t<div class=\"elementor-widget-container\">\n\t\t\t\t\t<h2 class=\"elementor-heading-title elementor-size-default\">Tietosuojaseloste<\/h2>\t\t\t\t<\/div>\n\t\t\t\t<\/div>\n\t\t\t\t\t<\/div>\n\t\t<\/div>\n\t\t\t\t\t<\/div>\n\t\t<\/section>\n\t\t\t\t<section data-particle_enable=\"false\" data-particle-mobile-disabled=\"false\" class=\"elementor-section elementor-top-section elementor-element elementor-element-e306391 elementor-section-boxed elementor-section-height-default elementor-section-height-default\" data-id=\"e306391\" data-element_type=\"section\" data-e-type=\"section\" id=\"bron\" data-settings=\"{&quot;jet_parallax_layout_list&quot;:[{&quot;jet_parallax_layout_image&quot;:{&quot;url&quot;:&quot;&quot;,&quot;id&quot;:&quot;&quot;,&quot;size&quot;:&quot;&quot;},&quot;_id&quot;:&quot;73dd024&quot;,&quot;jet_parallax_layout_image_tablet&quot;:{&quot;url&quot;:&quot;&quot;,&quot;id&quot;:&quot;&quot;,&quot;size&quot;:&quot;&quot;},&quot;jet_parallax_layout_image_mobile&quot;:{&quot;url&quot;:&quot;&quot;,&quot;id&quot;:&quot;&quot;,&quot;size&quot;:&quot;&quot;},&quot;jet_parallax_layout_speed&quot;:{&quot;unit&quot;:&quot;%&quot;,&quot;size&quot;:50,&quot;sizes&quot;:[]},&quot;jet_parallax_layout_type&quot;:&quot;scroll&quot;,&quot;jet_parallax_layout_direction&quot;:&quot;1&quot;,&quot;jet_parallax_layout_fx_direction&quot;:null,&quot;jet_parallax_layout_z_index&quot;:&quot;&quot;,&quot;jet_parallax_layout_bg_x&quot;:50,&quot;jet_parallax_layout_bg_x_tablet&quot;:&quot;&quot;,&quot;jet_parallax_layout_bg_x_mobile&quot;:&quot;&quot;,&quot;jet_parallax_layout_bg_y&quot;:50,&quot;jet_parallax_layout_bg_y_tablet&quot;:&quot;&quot;,&quot;jet_parallax_layout_bg_y_mobile&quot;:&quot;&quot;,&quot;jet_parallax_layout_bg_size&quot;:&quot;auto&quot;,&quot;jet_parallax_layout_bg_size_tablet&quot;:&quot;&quot;,&quot;jet_parallax_layout_bg_size_mobile&quot;:&quot;&quot;,&quot;jet_parallax_layout_animation_prop&quot;:&quot;transform&quot;,&quot;jet_parallax_layout_on&quot;:[&quot;desktop&quot;,&quot;tablet&quot;]}]}\">\n\t\t\t\t\t\t<div class=\"elementor-container elementor-column-gap-default\">\n\t\t\t\t\t<div class=\"elementor-column elementor-col-100 elementor-top-column elementor-element elementor-element-78977186\" data-id=\"78977186\" data-element_type=\"column\" data-e-type=\"column\">\n\t\t\t<div class=\"elementor-widget-wrap elementor-element-populated\">\n\t\t\t\t\t\t<section data-particle_enable=\"false\" data-particle-mobile-disabled=\"false\" class=\"elementor-section elementor-inner-section elementor-element elementor-element-27422b3e elementor-section-boxed elementor-section-height-default elementor-section-height-default\" data-id=\"27422b3e\" data-element_type=\"section\" data-e-type=\"section\" data-settings=\"{&quot;jet_parallax_layout_list&quot;:[{&quot;jet_parallax_layout_image&quot;:{&quot;url&quot;:&quot;&quot;,&quot;id&quot;:&quot;&quot;,&quot;size&quot;:&quot;&quot;},&quot;_id&quot;:&quot;a4df8de&quot;,&quot;jet_parallax_layout_image_tablet&quot;:{&quot;url&quot;:&quot;&quot;,&quot;id&quot;:&quot;&quot;,&quot;size&quot;:&quot;&quot;},&quot;jet_parallax_layout_image_mobile&quot;:{&quot;url&quot;:&quot;&quot;,&quot;id&quot;:&quot;&quot;,&quot;size&quot;:&quot;&quot;},&quot;jet_parallax_layout_speed&quot;:{&quot;unit&quot;:&quot;%&quot;,&quot;size&quot;:50,&quot;sizes&quot;:[]},&quot;jet_parallax_layout_type&quot;:&quot;scroll&quot;,&quot;jet_parallax_layout_direction&quot;:&quot;1&quot;,&quot;jet_parallax_layout_fx_direction&quot;:null,&quot;jet_parallax_layout_z_index&quot;:&quot;&quot;,&quot;jet_parallax_layout_bg_x&quot;:50,&quot;jet_parallax_layout_bg_x_tablet&quot;:&quot;&quot;,&quot;jet_parallax_layout_bg_x_mobile&quot;:&quot;&quot;,&quot;jet_parallax_layout_bg_y&quot;:50,&quot;jet_parallax_layout_bg_y_tablet&quot;:&quot;&quot;,&quot;jet_parallax_layout_bg_y_mobile&quot;:&quot;&quot;,&quot;jet_parallax_layout_bg_size&quot;:&quot;auto&quot;,&quot;jet_parallax_layout_bg_size_tablet&quot;:&quot;&quot;,&quot;jet_parallax_layout_bg_size_mobile&quot;:&quot;&quot;,&quot;jet_parallax_layout_animation_prop&quot;:&quot;transform&quot;,&quot;jet_parallax_layout_on&quot;:[&quot;desktop&quot;,&quot;tablet&quot;]}],&quot;background_background&quot;:&quot;classic&quot;}\">\n\t\t\t\t\t\t<div class=\"elementor-container elementor-column-gap-no\">\n\t\t\t\t\t<div class=\"elementor-column elementor-col-100 elementor-inner-column elementor-element elementor-element-70b4ae7\" data-id=\"70b4ae7\" data-element_type=\"column\" data-e-type=\"column\">\n\t\t\t<div class=\"elementor-widget-wrap elementor-element-populated\">\n\t\t\t\t\t\t<div class=\"elementor-element elementor-element-0779e8e elementor-widget elementor-widget-text-editor\" data-id=\"0779e8e\" data-element_type=\"widget\" data-e-type=\"widget\" data-widget_type=\"text-editor.default\">\n\t\t\t\t<div class=\"elementor-widget-container\">\n\t\t\t\t\t\t\t\t\t<p>Viimeksi p\u00e4ivitetty: 28.01.2026<\/p><p><strong>Rekisterinpit\u00e4j\u00e4:<\/strong> Denslux Hambaravi O\u00dc<br><strong>Rekisteritunnus:<\/strong> 11230217<br> Osoite<strong>:<\/strong> T\u00e4he 4, Tartu 51010, Viro<br><strong>Puhelin:<\/strong> +372 7 344 347 \/ +372 52 59 058<br> S\u00e4hk\u00f6posti: <a href=\"mailto:denslux@denslux.ee\">denslux@denslux.ee<\/a>.<\/p><h2>1. Ev\u00e4steiden ja videovalvonnan k\u00e4ytt\u00f6<\/h2><h3>1.1. Ev\u00e4steet (cookies)<\/h3><p>Klinikan verkkosivusto voi k\u00e4ytt\u00e4\u00e4 ev\u00e4steit\u00e4 k\u00e4ytt\u00e4j\u00e4kokemuksen parantamiseksi ja verkkosivuston k\u00e4yt\u00f6n analysoimiseksi.<\/p><p>Ev\u00e4steet auttavat meit\u00e4:<\/p><ul><li><p>varmistaa, ett\u00e4 verkkosivusto toimii oikein;<\/p><\/li><li><p>parantaa verkkosivuston k\u00e4ytett\u00e4vyytt\u00e4;<\/p><\/li><li><p>ker\u00e4t\u00e4 tilastotietoja verkkosivuston liikenteest\u00e4.<\/p><\/li><\/ul><p>Tietoa ev\u00e4steiden k\u00e4yt\u00f6st\u00e4 annetaan, kun vierailet verkkosivustolla, ja sinulla on mahdollisuus kielt\u00e4yty\u00e4 ev\u00e4steiden k\u00e4yt\u00f6st\u00e4 tai muuttaa asetuksiasi ilmoituksen avulla.<\/p><p>Ev\u00e4steiden k\u00e4yt\u00f6n oikeusperusta on ev\u00e4stetyypist\u00e4 riippuen oikeutettu etu (GDPR 6 artiklan 1 kohdan f alakohta) tai k\u00e4ytt\u00e4j\u00e4n suostumus (GDPR 6 artiklan 1 kohdan a alakohta).<\/p><h3>1.2. Videovalvonnan k\u00e4ytt\u00f6<\/h3><p>Klinikan tiloissa ja alueella k\u00e4ytet\u00e4\u00e4n videovalvontaa turvallisuuden varmistamiseksi.<\/p><p>Videovalvonnan tavoitteet ovat:<\/p><ul><li><p>potilaiden, henkil\u00f6kunnan ja omaisuuden suojelu;<\/p><\/li><li><p>turvallisuuden varmistaminen;<\/p><\/li><li><p>rikosten ehk\u00e4iseminen ja tarvittaessa tutkiminen.<\/p><\/li><\/ul><p>Videovalvonnan olemassaolosta ilmoitetaan asianmukaisilla merkeill\u00e4.<br>Videovalvontatallenteita s\u00e4ilytet\u00e4\u00e4n enint\u00e4\u00e4n <strong>30 p\u00e4iv\u00e4\u00e4<\/strong>, paitsi jos tallenteita on s\u00e4ilytett\u00e4v\u00e4 pidemp\u00e4\u00e4n rikosoikeudellisen syytteen nostamisen tai lakis\u00e4\u00e4teisen velvoitteen vuoksi.<\/p><p>Videovalvonnan k\u00e4yt\u00f6n oikeusperusteena on Denslux Hambaravi O\u00dc:n oikeutettu etu (yleinen tietosuoja-asetuksen 6 artiklan 1 kohdan f alakohta).<\/p><h2>2. Yleiset s\u00e4\u00e4nn\u00f6kset<\/h2><p>T\u00e4ss\u00e4 tietosuojaselosteessa kuvataan, miten Denslux Hambaravi O\u00dc (\"me\", \"Denslux Hambaravi\") k\u00e4sittelee henkil\u00f6tietojasi Euroopan unionin yleisen tietosuoja-asetuksen (GDPR) ja Viron henkil\u00f6tietolains\u00e4\u00e4d\u00e4nn\u00f6n (mukaan lukien henkil\u00f6tietolaki) mukaisesti.<\/p><p>T\u00e4t\u00e4 tietosuojaselostetta sovelletaan kaikkiin tilanteisiin, joissa k\u00e4sittelemme henkil\u00f6tietojasi hammasl\u00e4\u00e4k\u00e4ripalvelujen tarjoamisen ja asiakasviestinn\u00e4n yhteydess\u00e4.<\/p><h2>3. K\u00e4sitellyt henkil\u00f6tiedot<\/h2><p>Voimme k\u00e4sitell\u00e4 seuraavia henkil\u00f6tietoja, jos se on tarpeen palvelun tarjoamiseksi:<\/p><ul><li><p><strong>Tunnistetiedot:<\/strong> etunimi, sukunimi, henkil\u00f6tunnus.<\/p><\/li><li><p><strong>Yhteystiedot:<\/strong> osoite, puhelinnumero, s\u00e4hk\u00f6postiosoite.<\/p><\/li><li><p><strong>Terveystiedot:<\/strong> terveyshistoria, diagnoosit, hoitosuunnitelma, hampaiden ja suun terveydentila.<\/p><\/li><li><p><strong>Muut tiedot:<\/strong> laskutus- ja maksutiedot, asiakasviestint\u00e4 ja palveluun liittyv\u00e4t tiedot.<\/p><\/li><\/ul><p>Terveystiedot ovat erityinen henkil\u00f6tietoryhm\u00e4, jonka k\u00e4sittely tapahtuu ainoastaan yleisen tietosuoja-asetuksen 9 artiklan ja Viron terveys- ja tietosuojalains\u00e4\u00e4d\u00e4nn\u00f6n mukaisin laillisin perustein.<\/p><h2>4. K\u00e4sittelyn tarkoitukset ja oikeusperusta<\/h2><h3>4.1. Sopimus\/palvelujen tarjoaminen<\/h3><p>Henkil\u00f6tietojen k\u00e4sittely on tarpeen hammasl\u00e4\u00e4k\u00e4ripalvelujen tarjoamiseksi, mukaan lukien hoitosuunnitelman laatiminen, hoidon tarjoaminen ja asiakasviestint\u00e4<br>(tietosuoja-asetuksen 6 artiklan 1 kohdan b alakohta).<\/p><h3>4.2. Lakis\u00e4\u00e4teiset velvoitteet<\/h3><p>Terveydenhuollon tarjoajana olemme velvollisia k\u00e4sittelem\u00e4\u00e4n potilastietoja Viron terveydenhuoltolains\u00e4\u00e4d\u00e4nn\u00f6n mukaisesti<br>(yleinen tietosuoja-asetus 6 artiklan 1 kohdan c alakohta).<\/p><h3>4.3. Suostumus<\/h3><p>Muihin tarkoituksiin (esim. markkinointiin, valokuvien julkaisemiseen) k\u00e4sittelemme tietoja vain vapaaehtoisen ja tietoon perustuvan suostumuksesi perusteella<br>(tietosuoja-asetuksen 6 artiklan 1 kohdan a alakohta ja 9 artiklan 2 kohdan a alakohta terveystietojen osalta).<\/p><h2>5. Tietojen s\u00e4ilytt\u00e4minen<\/h2><p>Henkil\u00f6tietoja s\u00e4ilytet\u00e4\u00e4n vain niin kauan kuin on tarpeen palvelun tarjoamiseksi tai lakis\u00e4\u00e4teisten velvoitteiden noudattamiseksi.<br>Terveystietojen s\u00e4ilytt\u00e4misen aikarajat perustuvat sovellettavaan lains\u00e4\u00e4d\u00e4nt\u00f6\u00f6n.<\/p><h2>6. Tietojen siirto kolmansille osapuolille<\/h2><p>Henkil\u00f6tietoja voidaan siirt\u00e4\u00e4 seuraaville tahoille:<\/p><ul><li><p>kansalliset tietoj\u00e4rjestelm\u00e4t (esim. terveystietoj\u00e4rjestelm\u00e4);<\/p><\/li><li><p>yhteisty\u00f6kumppanit (esim. laboratoriot), jos se on tarpeen hoidon tarjoamiseksi;<\/p><\/li><li><p>suostumuksellasi;<\/p><\/li><li><p>lakis\u00e4\u00e4teisen velvoitteen perusteella (esim. lainvalvontaviranomaisille).<\/p><\/li><\/ul><h2>7. Sinun oikeutesi<\/h2><p>Olet oikeassa:<\/p><ul><li><p>p\u00e4\u00e4st\u00e4 k\u00e4siksi henkil\u00f6tietoihisi;<\/p><\/li><li><p>pyyt\u00e4\u00e4 tietojen korjaamista;<\/p><\/li><li><p>pyyt\u00e4\u00e4 tietojen poistamista, jos siihen ei ole oikeudellista perustetta;<\/p><\/li><li><p>rajoittaa tietojen k\u00e4sittely\u00e4;<\/p><\/li><li><p>saada tiedot siirretty\u00e4;<\/p><\/li><li><p>esitt\u00e4\u00e4 vastalauseita;<\/p><\/li><li><p>peruuttaa suostumuksensa milloin tahansa.<\/p><\/li><\/ul><h2>8. Yhteystiedot ja tietosuoja<\/h2><p>Ota meihin yhteytt\u00e4, jos sinulla on yksityisyyteen liittyvi\u00e4 kysymyksi\u00e4 tai oikeuksia:<br><strong><a href=\"mailto:denslux@denslux.ee\">denslux@denslux.ee<\/a><\/strong><\/p><h2>9. Turvallisuus ja luottamuksellisuus<\/h2><p>Toteutamme asianmukaisia teknisi\u00e4 ja organisatorisia toimenpiteit\u00e4 varmistaaksemme henkil\u00f6tietojen turvallisuuden ja suojellaksemme niit\u00e4 luvattomalta k\u00e4yt\u00f6lt\u00e4, muuttamiselta, luovuttamiselta tai tuhoamiselta.<\/p>\t\t\t\t\t\t\t\t<\/div>\n\t\t\t\t<\/div>\n\t\t\t\t\t<\/div>\n\t\t<\/div>\n\t\t\t\t\t<\/div>\n\t\t<\/section>\n\t\t\t\t\t<\/div>\n\t\t<\/div>\n\t\t\t\t\t<\/div>\n\t\t<\/section>\n\t\t\t\t<\/div>\n\t\t","protected":false},"excerpt":{"rendered":"<p>Tietosuojaseloste Viimeksi p\u00e4ivitetty: 28.01.2026 Rekisterinpit\u00e4j\u00e4: Denslux Hambaravi O\u00dcRekisteritunnus: 11230217 Osoite: T\u00e4he 4, Tartu 51010, ViroPuhelin: +372 7 344 347 \/ +372 52 59 058 S\u00e4hk\u00f6posti: denslux@denslux.ee. 1. Ev\u00e4steiden ja videovalvonnan k\u00e4ytt\u00f6 1.1. Ev\u00e4steet (cookies) Klinikan verkkosivusto voi k\u00e4ytt\u00e4\u00e4 ev\u00e4steit\u00e4 k\u00e4ytt\u00e4j\u00e4kokemuksen parantamiseksi ja verkkosivuston k\u00e4yt\u00f6n analysoimiseksi. Ev\u00e4steet auttavat meit\u00e4: varmistaa, ett\u00e4 verkkosivusto toimii oikein; parantaa verkkosivuston [&hellip;]<\/p>\n","protected":false},"author":1,"featured_media":0,"parent":0,"menu_order":0,"comment_status":"closed","ping_status":"closed","template":"page-templates\/fullwidth-content.php","meta":{"footnotes":""},"class_list":["post-5603","page","type-page","status-publish","hentry"],"yoast_head":"<!-- This site is optimized with the Yoast SEO plugin v27.3 - https:\/\/yoast.com\/product\/yoast-seo-wordpress\/ -->\n<title>Tietosuojaseloste - Denslux<\/title>\n<meta name=\"description\" content=\"Voit lukea Denslux Dental Clinicin tietosuojailmoituksen seuraavalta sivulta.\" \/>\n<meta name=\"robots\" content=\"index, follow, max-snippet:-1, max-image-preview:large, max-video-preview:-1\" \/>\n<link rel=\"canonical\" href=\"https:\/\/denslux.ee\/fi\/tietosuojaseloste\/\" \/>\n<meta property=\"og:locale\" content=\"fi_FI\" \/>\n<meta property=\"og:type\" content=\"article\" \/>\n<meta property=\"og:title\" content=\"Tietosuojaseloste - Denslux\" \/>\n<meta property=\"og:description\" content=\"Voit lukea Denslux Dental Clinicin tietosuojailmoituksen seuraavalta sivulta.\" \/>\n<meta property=\"og:url\" content=\"https:\/\/denslux.ee\/fi\/tietosuojaseloste\/\" \/>\n<meta property=\"og:site_name\" content=\"Denslux\" \/>\n<meta property=\"article:modified_time\" content=\"2026-02-06T11:22:54+00:00\" \/>\n<meta name=\"twitter:card\" content=\"summary_large_image\" \/>\n<meta name=\"twitter:label1\" content=\"Arvioitu lukuaika\" \/>\n\t<meta name=\"twitter:data1\" content=\"3 minuuttia\" \/>\n<script type=\"application\/ld+json\" class=\"yoast-schema-graph\">{\"@context\":\"https:\\\/\\\/schema.org\",\"@graph\":[{\"@type\":\"WebPage\",\"@id\":\"https:\\\/\\\/denslux.ee\\\/fi\\\/tietosuojaseloste\\\/\",\"url\":\"https:\\\/\\\/denslux.ee\\\/fi\\\/tietosuojaseloste\\\/\",\"name\":\"Tietosuojaseloste - Denslux\",\"isPartOf\":{\"@id\":\"https:\\\/\\\/denslux.ee\\\/fi\\\/#website\"},\"datePublished\":\"2022-04-06T20:30:45+00:00\",\"dateModified\":\"2026-02-06T11:22:54+00:00\",\"description\":\"Voit lukea Denslux Dental Clinicin tietosuojailmoituksen seuraavalta sivulta.\",\"breadcrumb\":{\"@id\":\"https:\\\/\\\/denslux.ee\\\/fi\\\/tietosuojaseloste\\\/#breadcrumb\"},\"inLanguage\":\"fi\",\"potentialAction\":[{\"@type\":\"ReadAction\",\"target\":[\"https:\\\/\\\/denslux.ee\\\/fi\\\/tietosuojaseloste\\\/\"]}]},{\"@type\":\"BreadcrumbList\",\"@id\":\"https:\\\/\\\/denslux.ee\\\/fi\\\/tietosuojaseloste\\\/#breadcrumb\",\"itemListElement\":[{\"@type\":\"ListItem\",\"position\":1,\"name\":\"Home\",\"item\":\"https:\\\/\\\/denslux.ee\\\/fi\\\/\"},{\"@type\":\"ListItem\",\"position\":2,\"name\":\"Tietosuojaseloste\"}]},{\"@type\":\"WebSite\",\"@id\":\"https:\\\/\\\/denslux.ee\\\/fi\\\/#website\",\"url\":\"https:\\\/\\\/denslux.ee\\\/fi\\\/\",\"name\":\"Denslux\",\"description\":\"Hambaravi kliinik\",\"publisher\":{\"@id\":\"https:\\\/\\\/denslux.ee\\\/fi\\\/#organization\"},\"potentialAction\":[{\"@type\":\"SearchAction\",\"target\":{\"@type\":\"EntryPoint\",\"urlTemplate\":\"https:\\\/\\\/denslux.ee\\\/fi\\\/?s={search_term_string}\"},\"query-input\":{\"@type\":\"PropertyValueSpecification\",\"valueRequired\":true,\"valueName\":\"search_term_string\"}}],\"inLanguage\":\"fi\"},{\"@type\":\"Organization\",\"@id\":\"https:\\\/\\\/denslux.ee\\\/fi\\\/#organization\",\"name\":\"Denslux\",\"url\":\"https:\\\/\\\/denslux.ee\\\/fi\\\/\",\"logo\":{\"@type\":\"ImageObject\",\"inLanguage\":\"fi\",\"@id\":\"https:\\\/\\\/denslux.ee\\\/fi\\\/#\\\/schema\\\/logo\\\/image\\\/\",\"url\":\"https:\\\/\\\/denslux.ee\\\/wp-content\\\/uploads\\\/2022\\\/04\\\/denslux-favicon.png\",\"contentUrl\":\"https:\\\/\\\/denslux.ee\\\/wp-content\\\/uploads\\\/2022\\\/04\\\/denslux-favicon.png\",\"width\":74,\"height\":74,\"caption\":\"Denslux\"},\"image\":{\"@id\":\"https:\\\/\\\/denslux.ee\\\/fi\\\/#\\\/schema\\\/logo\\\/image\\\/\"}}]}<\/script>\n<!-- \/ Yoast SEO plugin. -->","yoast_head_json":{"title":"Tietosuojaseloste - Denslux","description":"Voit lukea Denslux Dental Clinicin tietosuojailmoituksen seuraavalta sivulta.","robots":{"index":"index","follow":"follow","max-snippet":"max-snippet:-1","max-image-preview":"max-image-preview:large","max-video-preview":"max-video-preview:-1"},"canonical":"https:\/\/denslux.ee\/fi\/tietosuojaseloste\/","og_locale":"fi_FI","og_type":"article","og_title":"Tietosuojaseloste - Denslux","og_description":"Voit lukea Denslux Dental Clinicin tietosuojailmoituksen seuraavalta sivulta.","og_url":"https:\/\/denslux.ee\/fi\/tietosuojaseloste\/","og_site_name":"Denslux","article_modified_time":"2026-02-06T11:22:54+00:00","twitter_card":"summary_large_image","twitter_misc":{"Arvioitu lukuaika":"3 minuuttia"},"schema":{"@context":"https:\/\/schema.org","@graph":[{"@type":"WebPage","@id":"https:\/\/denslux.ee\/fi\/tietosuojaseloste\/","url":"https:\/\/denslux.ee\/fi\/tietosuojaseloste\/","name":"Tietosuojaseloste - Denslux","isPartOf":{"@id":"https:\/\/denslux.ee\/fi\/#website"},"datePublished":"2022-04-06T20:30:45+00:00","dateModified":"2026-02-06T11:22:54+00:00","description":"Voit lukea Denslux Dental Clinicin tietosuojailmoituksen seuraavalta sivulta.","breadcrumb":{"@id":"https:\/\/denslux.ee\/fi\/tietosuojaseloste\/#breadcrumb"},"inLanguage":"fi","potentialAction":[{"@type":"ReadAction","target":["https:\/\/denslux.ee\/fi\/tietosuojaseloste\/"]}]},{"@type":"BreadcrumbList","@id":"https:\/\/denslux.ee\/fi\/tietosuojaseloste\/#breadcrumb","itemListElement":[{"@type":"ListItem","position":1,"name":"Home","item":"https:\/\/denslux.ee\/fi\/"},{"@type":"ListItem","position":2,"name":"Tietosuojaseloste"}]},{"@type":"WebSite","@id":"https:\/\/denslux.ee\/fi\/#website","url":"https:\/\/denslux.ee\/fi\/","name":"Denslux","description":"Hambaravi kliinik","publisher":{"@id":"https:\/\/denslux.ee\/fi\/#organization"},"potentialAction":[{"@type":"SearchAction","target":{"@type":"EntryPoint","urlTemplate":"https:\/\/denslux.ee\/fi\/?s={search_term_string}"},"query-input":{"@type":"PropertyValueSpecification","valueRequired":true,"valueName":"search_term_string"}}],"inLanguage":"fi"},{"@type":"Organization","@id":"https:\/\/denslux.ee\/fi\/#organization","name":"Denslux","url":"https:\/\/denslux.ee\/fi\/","logo":{"@type":"ImageObject","inLanguage":"fi","@id":"https:\/\/denslux.ee\/fi\/#\/schema\/logo\/image\/","url":"https:\/\/denslux.ee\/wp-content\/uploads\/2022\/04\/denslux-favicon.png","contentUrl":"https:\/\/denslux.ee\/wp-content\/uploads\/2022\/04\/denslux-favicon.png","width":74,"height":74,"caption":"Denslux"},"image":{"@id":"https:\/\/denslux.ee\/fi\/#\/schema\/logo\/image\/"}}]}},"_links":{"self":[{"href":"https:\/\/denslux.ee\/fi\/wp-json\/wp\/v2\/pages\/5603","targetHints":{"allow":["GET"]}}],"collection":[{"href":"https:\/\/denslux.ee\/fi\/wp-json\/wp\/v2\/pages"}],"about":[{"href":"https:\/\/denslux.ee\/fi\/wp-json\/wp\/v2\/types\/page"}],"author":[{"embeddable":true,"href":"https:\/\/denslux.ee\/fi\/wp-json\/wp\/v2\/users\/1"}],"replies":[{"embeddable":true,"href":"https:\/\/denslux.ee\/fi\/wp-json\/wp\/v2\/comments?post=5603"}],"version-history":[{"count":3,"href":"https:\/\/denslux.ee\/fi\/wp-json\/wp\/v2\/pages\/5603\/revisions"}],"predecessor-version":[{"id":6924,"href":"https:\/\/denslux.ee\/fi\/wp-json\/wp\/v2\/pages\/5603\/revisions\/6924"}],"wp:attachment":[{"href":"https:\/\/denslux.ee\/fi\/wp-json\/wp\/v2\/media?parent=5603"}],"curies":[{"name":"wp","href":"https:\/\/api.w.org\/{rel}","templated":true}]}}